{"id":515,"date":"2020-12-04T12:19:31","date_gmt":"2020-12-04T11:19:31","guid":{"rendered":"http:\/\/www.janosjurincic.net\/?page_id=515"},"modified":"2021-10-19T11:27:07","modified_gmt":"2021-10-19T09:27:07","slug":"projects","status":"publish","type":"page","link":"https:\/\/www.janosjurincic.net\/?page_id=515","title":{"rendered":"Projects"},"content":{"rendered":"\t\t<div data-elementor-type=\"wp-page\" data-elementor-id=\"515\" class=\"elementor elementor-515\" data-elementor-settings=\"[]\">\n\t\t\t\t\t\t<div class=\"elementor-inner\">\n\t\t\t\t\t\t\t<div class=\"elementor-section-wrap\">\n\t\t\t\t\t\t\t<section class=\"elementor-section elementor-top-section elementor-element elementor-element-bee051d elementor-section-boxed elementor-section-height-default elementor-section-height-default\" data-id=\"bee051d\" data-element_type=\"section\">\n\t\t\t\t\t\t<div class=\"elementor-container elementor-column-gap-default\">\n\t\t\t\t\t\t\t<div class=\"elementor-row\">\n\t\t\t\t\t<div class=\"elementor-column elementor-col-33 elementor-top-column elementor-element elementor-element-f475d1c\" data-id=\"f475d1c\" data-element_type=\"column\">\n\t\t\t<div class=\"elementor-column-wrap elementor-element-populated\">\n\t\t\t\t\t\t\t<div class=\"elementor-widget-wrap\">\n\t\t\t\t\t\t<div class=\"elementor-element elementor-element-cdaf659 elementor-widget elementor-widget-e_image_hover_effects\" data-id=\"cdaf659\" data-element_type=\"widget\" data-widget_type=\"e_image_hover_effects.default\">\n\t\t\t\t<div class=\"elementor-widget-container\">\n\t\t\t\t\t\t<a href=\"http:\/\/www.janosjurincic.net\/?page_id=311\" target=\"_blank\">\r\n\t\t\t\t\t<div class=\"eihe-box eihe-fade eihe_center\">\r\n\t\t\t\t<img width=\"1635\" height=\"1449\" src=\"https:\/\/www.janosjurincic.net\/wp-content\/uploads\/2020\/12\/box-print-4.jpg\" class=\"attachment-full size-full\" alt=\"\" loading=\"lazy\" srcset=\"https:\/\/www.janosjurincic.net\/wp-content\/uploads\/2020\/12\/box-print-4.jpg 1635w, https:\/\/www.janosjurincic.net\/wp-content\/uploads\/2020\/12\/box-print-4-300x266.jpg 300w, https:\/\/www.janosjurincic.net\/wp-content\/uploads\/2020\/12\/box-print-4-768x681.jpg 768w, https:\/\/www.janosjurincic.net\/wp-content\/uploads\/2020\/12\/box-print-4-1536x1361.jpg 1536w\" sizes=\"(max-width: 1635px) 100vw, 1635px\" \/>\t\t\t\t<div class=\"eihe-caption\">\r\n\t\t\t\t\t<div class=\"eihe-title-cover\">\r\n\t\t\t\t\t\t\t\t\t\t\t\t<h3 class=\"eihe-title\"><\/h3>\r\n\t\t\t\t\t\t\t\t\t\t\t<\/div>\r\n\t\t\t\t\t<p>DUO - Mozart, Beethoven & Debussy <p>\nMarko Feri & Jano\u0161 Jurin\u010di\u010d, guitars<\/p>\r\n\t\t\t\t<\/div>\r\n\t\t\t<\/div>\r\n\t\t\t\t\t<\/a>\r\n\t\t\t\t<\/div>\n\t\t\t\t<\/div>\n\t\t\t\t\t\t<\/div>\n\t\t\t\t\t<\/div>\n\t\t<\/div>\n\t\t\t\t<div class=\"elementor-column elementor-col-33 elementor-top-column elementor-element elementor-element-b5c75ff\" data-id=\"b5c75ff\" data-element_type=\"column\">\n\t\t\t<div class=\"elementor-column-wrap elementor-element-populated\">\n\t\t\t\t\t\t\t<div class=\"elementor-widget-wrap\">\n\t\t\t\t\t\t<div class=\"elementor-element elementor-element-f8de598 elementor-widget elementor-widget-image\" data-id=\"f8de598\" data-element_type=\"widget\" data-widget_type=\"image.default\">\n\t\t\t\t<div class=\"elementor-widget-container\">\n\t\t\t\t\t<div class=\"elementor-image\">\n\t\t\t\t\t\t\t\t\t\t<img width=\"990\" height=\"990\" src=\"https:\/\/www.janosjurincic.net\/wp-content\/uploads\/2021\/10\/Senza-titolo-1-2160x2160.jpg\" class=\"attachment-large size-large\" alt=\"\" loading=\"lazy\" srcset=\"https:\/\/www.janosjurincic.net\/wp-content\/uploads\/2021\/10\/Senza-titolo-1-2160x2160.jpg 2160w, https:\/\/www.janosjurincic.net\/wp-content\/uploads\/2021\/10\/Senza-titolo-1-300x300.jpg 300w, https:\/\/www.janosjurincic.net\/wp-content\/uploads\/2021\/10\/Senza-titolo-1-150x150.jpg 150w, https:\/\/www.janosjurincic.net\/wp-content\/uploads\/2021\/10\/Senza-titolo-1-768x768.jpg 768w, https:\/\/www.janosjurincic.net\/wp-content\/uploads\/2021\/10\/Senza-titolo-1-1536x1536.jpg 1536w, https:\/\/www.janosjurincic.net\/wp-content\/uploads\/2021\/10\/Senza-titolo-1-2048x2048.jpg 2048w, https:\/\/www.janosjurincic.net\/wp-content\/uploads\/2021\/10\/Senza-titolo-1-640x640.jpg 640w, https:\/\/www.janosjurincic.net\/wp-content\/uploads\/2021\/10\/Senza-titolo-1-180x180.jpg 180w, https:\/\/www.janosjurincic.net\/wp-content\/uploads\/2021\/10\/Senza-titolo-1-50x50.jpg 50w\" sizes=\"(max-width: 990px) 100vw, 990px\" \/>\t\t\t\t\t\t\t\t\t\t\t<\/div>\n\t\t\t\t<\/div>\n\t\t\t\t<\/div>\n\t\t\t\t\t\t<\/div>\n\t\t\t\t\t<\/div>\n\t\t<\/div>\n\t\t\t\t<div class=\"elementor-column elementor-col-33 elementor-top-column elementor-element elementor-element-475ed40\" data-id=\"475ed40\" data-element_type=\"column\">\n\t\t\t<div class=\"elementor-column-wrap\">\n\t\t\t\t\t\t\t<div class=\"elementor-widget-wrap\">\n\t\t\t\t\t\t\t\t<\/div>\n\t\t\t\t\t<\/div>\n\t\t<\/div>\n\t\t\t\t\t\t\t\t<\/div>\n\t\t\t\t\t<\/div>\n\t\t<\/section>\n\t\t\t\t\t\t<\/div>\n\t\t\t\t\t\t<\/div>\n\t\t\t\t\t<\/div>\n\t\t","protected":false},"excerpt":{"rendered":"<p>DUO &#8211; Mozart, Beethoven &#038; Debussy Marko Feri &#038; Jano\u0161 Jurin\u010di\u010d, guitars<\/p>\n","protected":false},"author":1,"featured_media":0,"parent":0,"menu_order":0,"comment_status":"closed","ping_status":"closed","template":"","meta":[],"_links":{"self":[{"href":"https:\/\/www.janosjurincic.net\/index.php?rest_route=\/wp\/v2\/pages\/515"}],"collection":[{"href":"https:\/\/www.janosjurincic.net\/index.php?rest_route=\/wp\/v2\/pages"}],"about":[{"href":"https:\/\/www.janosjurincic.net\/index.php?rest_route=\/wp\/v2\/types\/page"}],"author":[{"embeddable":true,"href":"https:\/\/www.janosjurincic.net\/index.php?rest_route=\/wp\/v2\/users\/1"}],"replies":[{"embeddable":true,"href":"https:\/\/www.janosjurincic.net\/index.php?rest_route=%2Fwp%2Fv2%2Fcomments&post=515"}],"version-history":[{"count":34,"href":"https:\/\/www.janosjurincic.net\/index.php?rest_route=\/wp\/v2\/pages\/515\/revisions"}],"predecessor-version":[{"id":869,"href":"https:\/\/www.janosjurincic.net\/index.php?rest_route=\/wp\/v2\/pages\/515\/revisions\/869"}],"wp:attachment":[{"href":"https:\/\/www.janosjurincic.net\/index.php?rest_route=%2Fwp%2Fv2%2Fmedia&parent=515"}],"curies":[{"name":"wp","href":"https:\/\/api.w.org\/{rel}","templated":true}]}}