{"id":332,"date":"2020-12-03T11:18:07","date_gmt":"2020-12-03T10:18:07","guid":{"rendered":"http:\/\/www.janosjurincic.net\/?page_id=332"},"modified":"2020-12-17T13:53:46","modified_gmt":"2020-12-17T12:53:46","slug":"news","status":"publish","type":"page","link":"https:\/\/www.janosjurincic.net\/","title":{"rendered":"News"},"content":{"rendered":"\t\t<div data-elementor-type=\"wp-page\" data-elementor-id=\"332\" class=\"elementor elementor-332\" data-elementor-settings=\"[]\">\n\t\t\t\t\t\t<div class=\"elementor-inner\">\n\t\t\t\t\t\t\t<div class=\"elementor-section-wrap\">\n\t\t\t\t\t\t\t<section class=\"elementor-section elementor-top-section elementor-element elementor-element-821d851 elementor-section-boxed elementor-section-height-default elementor-section-height-default\" data-id=\"821d851\" data-element_type=\"section\">\n\t\t\t\t\t\t<div class=\"elementor-container elementor-column-gap-default\">\n\t\t\t\t\t\t\t<div class=\"elementor-row\">\n\t\t\t\t\t<div class=\"elementor-column elementor-col-50 elementor-top-column elementor-element elementor-element-05461b7\" data-id=\"05461b7\" data-element_type=\"column\">\n\t\t\t<div class=\"elementor-column-wrap elementor-element-populated\">\n\t\t\t\t\t\t\t<div class=\"elementor-widget-wrap\">\n\t\t\t\t\t\t<div class=\"elementor-element elementor-element-ffc1213 elementor-aspect-ratio-11 elementor-widget elementor-widget-video\" data-id=\"ffc1213\" data-element_type=\"widget\" data-settings=\"{&quot;aspect_ratio&quot;:&quot;11&quot;}\" data-widget_type=\"video.default\">\n\t\t\t\t<div class=\"elementor-widget-container\">\n\t\t\t\t\t<div class=\"elementor-wrapper elementor-fit-aspect-ratio elementor-open-inline\">\n\t\t\t<iframe class=\"elementor-video-iframe\" allowfullscreen title=\"youtube Video Player\" src=\"https:\/\/www.youtube.com\/embed\/k41B2iWL830?feature=oembed&amp;autoplay=1&amp;start&amp;end&amp;wmode=opaque&amp;loop=0&amp;controls=1&amp;mute=0&amp;rel=0&amp;modestbranding=0\"><\/iframe>\t\t<\/div>\n\t\t\t\t<\/div>\n\t\t\t\t<\/div>\n\t\t\t\t\t\t<\/div>\n\t\t\t\t\t<\/div>\n\t\t<\/div>\n\t\t\t\t<div class=\"elementor-column elementor-col-50 elementor-top-column elementor-element elementor-element-3cdc693\" data-id=\"3cdc693\" data-element_type=\"column\">\n\t\t\t<div class=\"elementor-column-wrap elementor-element-populated\">\n\t\t\t\t\t\t\t<div class=\"elementor-widget-wrap\">\n\t\t\t\t\t\t<div class=\"elementor-element elementor-element-59fbe14 elementor-widget elementor-widget-text-editor\" data-id=\"59fbe14\" data-element_type=\"widget\" data-widget_type=\"text-editor.default\">\n\t\t\t\t<div class=\"elementor-widget-container\">\n\t\t\t\t\t<div class=\"elementor-text-editor elementor-clearfix\"><h6><a href=\"https:\/\/www.janosjurincic.net\/?page_id=311\" target=\"_blank\" rel=\"noopener\"><strong><span style=\"font-size: 14pt;\">NEW<\/span><span style=\"font-size: 14pt;\"> ALBUM!<\/span><\/strong><\/a><\/h6>\n<h6><strong>DUO<\/strong> &#8211; Mozart, Beethoven &amp; Debussy<br><strong>Marko Feri &amp; Jano\u0161 Jurin\u010di\u010d<\/strong>, guitars<\/h6>\n<h6>Digital release available on<strong>&nbsp;December 16!<\/strong><\/h6>\n<h6><a href=\"https:\/\/www.janosjurincic.net\/?page_id=311\" target=\"_blank\" rel=\"noopener\"><strong>More about..<\/strong><\/a><\/h6><\/div>\n\t\t\t\t<\/div>\n\t\t\t\t<\/div>\n\t\t\t\t<div class=\"elementor-element elementor-element-56c5d7e elementor-align-left elementor-widget elementor-widget-button\" data-id=\"56c5d7e\" data-element_type=\"widget\" data-widget_type=\"button.default\">\n\t\t\t\t<div class=\"elementor-widget-container\">\n\t\t\t\t\t<div class=\"elementor-button-wrapper\">\n\t\t\t<a href=\"https:\/\/barosrecords.com\/product\/duo-mozart-beethoven-debussy-feri-jurincic\" target=\"_blank\" class=\"elementor-button-link elementor-button elementor-size-sm elementor-animation-grow\" role=\"button\">\n\t\t\t\t\t\t<span class=\"elementor-button-content-wrapper\">\n\t\t\t\t\t\t<span class=\"elementor-button-text\">Order now<\/span>\n\t\t<\/span>\n\t\t\t\t\t<\/a>\n\t\t<\/div>\n\t\t\t\t<\/div>\n\t\t\t\t<\/div>\n\t\t\t\t\t\t<\/div>\n\t\t\t\t\t<\/div>\n\t\t<\/div>\n\t\t\t\t\t\t\t\t<\/div>\n\t\t\t\t\t<\/div>\n\t\t<\/section>\n\t\t\t\t\t\t<\/div>\n\t\t\t\t\t\t<\/div>\n\t\t\t\t\t<\/div>\n\t\t","protected":false},"excerpt":{"rendered":"<p>https:\/\/www.youtube.com\/watch?v=k41B2iWL830&#038;feature=emb_logo NEW ALBUM! DUO &#8211; Mozart, Beethoven &amp; DebussyMarko Feri &amp; Jano\u0161 Jurin\u010di\u010d, guitars Digital release available on&nbsp;December 16! More about.. Order now<\/p>\n","protected":false},"author":1,"featured_media":0,"parent":0,"menu_order":0,"comment_status":"closed","ping_status":"closed","template":"","meta":[],"_links":{"self":[{"href":"https:\/\/www.janosjurincic.net\/index.php?rest_route=\/wp\/v2\/pages\/332"}],"collection":[{"href":"https:\/\/www.janosjurincic.net\/index.php?rest_route=\/wp\/v2\/pages"}],"about":[{"href":"https:\/\/www.janosjurincic.net\/index.php?rest_route=\/wp\/v2\/types\/page"}],"author":[{"embeddable":true,"href":"https:\/\/www.janosjurincic.net\/index.php?rest_route=\/wp\/v2\/users\/1"}],"replies":[{"embeddable":true,"href":"https:\/\/www.janosjurincic.net\/index.php?rest_route=%2Fwp%2Fv2%2Fcomments&post=332"}],"version-history":[{"count":134,"href":"https:\/\/www.janosjurincic.net\/index.php?rest_route=\/wp\/v2\/pages\/332\/revisions"}],"predecessor-version":[{"id":856,"href":"https:\/\/www.janosjurincic.net\/index.php?rest_route=\/wp\/v2\/pages\/332\/revisions\/856"}],"wp:attachment":[{"href":"https:\/\/www.janosjurincic.net\/index.php?rest_route=%2Fwp%2Fv2%2Fmedia&parent=332"}],"curies":[{"name":"wp","href":"https:\/\/api.w.org\/{rel}","templated":true}]}}