{"id":311,"date":"2020-12-02T11:20:10","date_gmt":"2020-12-02T10:20:10","guid":{"rendered":"http:\/\/www.janosjurincic.net\/?page_id=311"},"modified":"2020-12-17T13:52:52","modified_gmt":"2020-12-17T12:52:52","slug":"duo","status":"publish","type":"page","link":"https:\/\/www.janosjurincic.net\/?page_id=311","title":{"rendered":"DUO"},"content":{"rendered":"\t\t<div data-elementor-type=\"wp-page\" data-elementor-id=\"311\" class=\"elementor elementor-311\" data-elementor-settings=\"[]\">\n\t\t\t\t\t\t<div class=\"elementor-inner\">\n\t\t\t\t\t\t\t<div class=\"elementor-section-wrap\">\n\t\t\t\t\t\t\t<section class=\"elementor-section elementor-top-section elementor-element elementor-element-1b05dca elementor-section-boxed elementor-section-height-default elementor-section-height-default\" data-id=\"1b05dca\" data-element_type=\"section\">\n\t\t\t\t\t\t<div class=\"elementor-container elementor-column-gap-default\">\n\t\t\t\t\t\t\t<div class=\"elementor-row\">\n\t\t\t\t\t<div class=\"elementor-column elementor-col-100 elementor-top-column elementor-element elementor-element-65a0b9d\" data-id=\"65a0b9d\" data-element_type=\"column\">\n\t\t\t<div class=\"elementor-column-wrap elementor-element-populated\">\n\t\t\t\t\t\t\t<div class=\"elementor-widget-wrap\">\n\t\t\t\t\t\t<div class=\"elementor-element elementor-element-1748581 elementor-widget elementor-widget-image\" data-id=\"1748581\" data-element_type=\"widget\" data-widget_type=\"image.default\">\n\t\t\t\t<div class=\"elementor-widget-container\">\n\t\t\t\t\t<div class=\"elementor-image\">\n\t\t\t\t\t\t\t\t\t\t<img width=\"768\" height=\"681\" src=\"https:\/\/www.janosjurincic.net\/wp-content\/uploads\/2020\/12\/box-print-4-768x681.jpg\" class=\"attachment-medium_large size-medium_large\" alt=\"\" loading=\"lazy\" srcset=\"https:\/\/www.janosjurincic.net\/wp-content\/uploads\/2020\/12\/box-print-4-768x681.jpg 768w, https:\/\/www.janosjurincic.net\/wp-content\/uploads\/2020\/12\/box-print-4-300x266.jpg 300w, https:\/\/www.janosjurincic.net\/wp-content\/uploads\/2020\/12\/box-print-4-1536x1361.jpg 1536w, https:\/\/www.janosjurincic.net\/wp-content\/uploads\/2020\/12\/box-print-4.jpg 1635w\" sizes=\"(max-width: 768px) 100vw, 768px\" \/>\t\t\t\t\t\t\t\t\t\t\t<\/div>\n\t\t\t\t<\/div>\n\t\t\t\t<\/div>\n\t\t\t\t\t\t<\/div>\n\t\t\t\t\t<\/div>\n\t\t<\/div>\n\t\t\t\t\t\t\t\t<\/div>\n\t\t\t\t\t<\/div>\n\t\t<\/section>\n\t\t\t\t<section class=\"elementor-section elementor-top-section elementor-element elementor-element-fdeea48 elementor-section-boxed elementor-section-height-default elementor-section-height-default\" data-id=\"fdeea48\" data-element_type=\"section\">\n\t\t\t\t\t\t<div class=\"elementor-container elementor-column-gap-default\">\n\t\t\t\t\t\t\t<div class=\"elementor-row\">\n\t\t\t\t\t<div class=\"elementor-column elementor-col-100 elementor-top-column elementor-element elementor-element-ede247a\" data-id=\"ede247a\" data-element_type=\"column\">\n\t\t\t<div class=\"elementor-column-wrap elementor-element-populated\">\n\t\t\t\t\t\t\t<div class=\"elementor-widget-wrap\">\n\t\t\t\t\t\t<div class=\"elementor-element elementor-element-2661a06 elementor-widget elementor-widget-text-editor\" data-id=\"2661a06\" data-element_type=\"widget\" data-widget_type=\"text-editor.default\">\n\t\t\t\t<div class=\"elementor-widget-container\">\n\t\t\t\t\t<div class=\"elementor-text-editor elementor-clearfix\"><p style=\"text-align: left;\"><span style=\"font-size: 14pt;\"><strong>DUO<\/strong>\u00a0&#8211; Mozart, Beethoven &amp; Debussy<\/span><br \/><span style=\"font-size: 14pt;\"><strong>Marko Feri &amp; Jano\u0161 Jurin\u010di\u010d<\/strong>, guitars<\/span><\/p><p style=\"text-align: left;\"><span style=\"font-size: 14pt;\">Co-produced by\u00a0Uro\u0161 Bari\u010d, Marko Feri, Jano\u0161 Jurin\u010di\u010d<\/span><br \/><span style=\"font-size: 14pt;\">Transcriptions by\u00a0Marko Feri<\/span><\/p><p style=\"text-align: left;\"><span style=\"font-size: 14pt;\">Digital<strong> release<\/strong> available on\u00a0<strong>December 16<\/strong>, CD shipping starts\u00a0<strong>December 21<\/strong>.<\/span><\/p><\/div>\n\t\t\t\t<\/div>\n\t\t\t\t<\/div>\n\t\t\t\t<div class=\"elementor-element elementor-element-929ed3e elementor-align-left elementor-widget elementor-widget-button\" data-id=\"929ed3e\" data-element_type=\"widget\" data-widget_type=\"button.default\">\n\t\t\t\t<div class=\"elementor-widget-container\">\n\t\t\t\t\t<div class=\"elementor-button-wrapper\">\n\t\t\t<a href=\"https:\/\/barosrecords.com\/product\/duo-mozart-beethoven-debussy-feri-jurincic\" target=\"_blank\" class=\"elementor-button-link elementor-button elementor-size-sm elementor-animation-grow\" role=\"button\">\n\t\t\t\t\t\t<span class=\"elementor-button-content-wrapper\">\n\t\t\t\t\t\t<span class=\"elementor-button-text\">Order now<\/span>\n\t\t<\/span>\n\t\t\t\t\t<\/a>\n\t\t<\/div>\n\t\t\t\t<\/div>\n\t\t\t\t<\/div>\n\t\t\t\t\t\t<\/div>\n\t\t\t\t\t<\/div>\n\t\t<\/div>\n\t\t\t\t\t\t\t\t<\/div>\n\t\t\t\t\t<\/div>\n\t\t<\/section>\n\t\t\t\t<section class=\"elementor-section elementor-top-section elementor-element elementor-element-912cc78 elementor-section-boxed elementor-section-height-default elementor-section-height-default\" data-id=\"912cc78\" data-element_type=\"section\">\n\t\t\t\t\t\t<div class=\"elementor-container elementor-column-gap-default\">\n\t\t\t\t\t\t\t<div class=\"elementor-row\">\n\t\t\t\t\t<div class=\"elementor-column elementor-col-100 elementor-top-column elementor-element elementor-element-204166c\" data-id=\"204166c\" data-element_type=\"column\">\n\t\t\t<div class=\"elementor-column-wrap elementor-element-populated\">\n\t\t\t\t\t\t\t<div class=\"elementor-widget-wrap\">\n\t\t\t\t\t\t<div class=\"elementor-element elementor-element-1008d58 elementor-aspect-ratio-11 elementor-widget elementor-widget-video\" data-id=\"1008d58\" data-element_type=\"widget\" data-settings=\"{&quot;aspect_ratio&quot;:&quot;11&quot;}\" data-widget_type=\"video.default\">\n\t\t\t\t<div class=\"elementor-widget-container\">\n\t\t\t\t\t<div class=\"elementor-wrapper elementor-fit-aspect-ratio elementor-open-inline\">\n\t\t\t<iframe class=\"elementor-video-iframe\" allowfullscreen title=\"youtube Video Player\" src=\"https:\/\/www.youtube.com\/embed\/k41B2iWL830?feature=oembed&amp;autoplay=1&amp;start&amp;end&amp;wmode=opaque&amp;loop=0&amp;controls=1&amp;mute=0&amp;rel=0&amp;modestbranding=0\"><\/iframe>\t\t<\/div>\n\t\t\t\t<\/div>\n\t\t\t\t<\/div>\n\t\t\t\t<div class=\"elementor-element elementor-element-f3c216a elementor-widget elementor-widget-text-editor\" data-id=\"f3c216a\" data-element_type=\"widget\" data-widget_type=\"text-editor.default\">\n\t\t\t\t<div class=\"elementor-widget-container\">\n\t\t\t\t\t<div class=\"elementor-text-editor elementor-clearfix\"><p><strong><span style=\"font-size: 14pt;\">Wolfgang Amadeus Mozart (1756-1791)<\/span><\/strong><br \/><strong><span style=\"font-size: 14pt;\">Sonata No. 8 in A minor K. 310<\/span><\/strong><br \/><span style=\"font-size: 14pt;\">[1] Allegro maestoso (9:06)<\/span><br \/><span style=\"font-size: 14pt;\">[2] Andante cantabile con espressione (10:00)<\/span><br \/><span style=\"font-size: 14pt;\">[3] Presto (3:30)<\/span><\/p><p><strong><span style=\"font-size: 14pt;\">Ludwig van Beethoven (1770-1827)<\/span><\/strong><br \/><strong><span style=\"font-size: 14pt;\">Bagatelles from Op. 119<\/span><\/strong><br \/><span style=\"font-size: 14pt;\">[4] No. 1 \u2013 Allegretto (2:24)<\/span><br \/><span style=\"font-size: 14pt;\">[5] No. 4 \u2013 Andante cantabile (1:43)<\/span><br \/><span style=\"font-size: 14pt;\">[6] No. 8 \u2013 Moderato cantabile (1:29)<\/span><br \/><span style=\"font-size: 14pt;\">[7] No. 9 \u2013 Vivace moderato (0:39)<\/span><br \/><span style=\"font-size: 14pt;\">[8] No. 10 \u2013 Allegramente (0:15)<\/span><br \/><span style=\"font-size: 14pt;\">[9] No. 11 \u2013 Andante ma non troppo (1:43)<\/span><br \/><strong><span style=\"font-size: 14pt;\">Bagatelles from Op. 126<\/span><\/strong><br \/><span style=\"font-size: 14pt;\">[10] No. 1 \u2013 Andante con moto cantabile\u00a0<\/span><span style=\"font-size: 14pt;\">e compiacevole (3:57)<\/span><br \/><span style=\"font-size: 14pt;\">[11] No. 2 \u2013 Allegro (3:13)<\/span><br \/><span style=\"font-size: 14pt;\">[12] No. 5 \u2013 Quasi allegretto (2:47)<\/span><\/p><p><strong><span style=\"font-size: 14pt;\">Claude Debussy (1862-1918)<\/span><\/strong><br \/><strong><span style=\"font-size: 14pt;\">Children\u2019s Corner<\/span><\/strong><br \/><span style=\"font-size: 14pt;\">[13] I. Doctor Gradus ad Parnassum (2:27)<\/span><br \/><span style=\"font-size: 14pt;\">[14] II. Jimbo\u2019s Lullaby (3:29)<\/span><br \/><span style=\"font-size: 14pt;\">[15] III. Serenade for the Doll (2:24)<\/span><br \/><span style=\"font-size: 14pt;\">[16] IV. The Snow is Dancing (2:34)<\/span><br \/><span style=\"font-size: 14pt;\">[17] V. The Little Shepherd (2:33)<\/span><br \/><span style=\"font-size: 14pt;\">[18] VI. Golliwogg\u2019s Cakewalk (3:00)<\/span><br \/><strong><span style=\"font-size: 14pt;\">Preludes (Book I)<\/span><\/strong><br \/><span style=\"font-size: 14pt;\">[19] VI. Des pas sur la neige (4:22)<\/span><br \/><span style=\"font-size: 14pt;\">[20] VIII. La fi lle aux cheveux de lin (2:54)<\/span><br \/><span style=\"font-size: 14pt;\">[21] IX. La s\u00e9r\u00e9nade interrompue (2:47)<\/span><br \/><span style=\"font-size: 14pt;\">[22] XII. Minstrels (2:39)<\/span><\/p><p><span style=\"font-size: 14pt;\">Total Playing Time: 70:24<\/span><\/p><\/div>\n\t\t\t\t<\/div>\n\t\t\t\t<\/div>\n\t\t\t\t\t\t<\/div>\n\t\t\t\t\t<\/div>\n\t\t<\/div>\n\t\t\t\t\t\t\t\t<\/div>\n\t\t\t\t\t<\/div>\n\t\t<\/section>\n\t\t\t\t<section class=\"elementor-section elementor-top-section elementor-element elementor-element-1c3a7c5 elementor-section-boxed elementor-section-height-default elementor-section-height-default\" data-id=\"1c3a7c5\" data-element_type=\"section\">\n\t\t\t\t\t\t<div class=\"elementor-container elementor-column-gap-default\">\n\t\t\t\t\t\t\t<div class=\"elementor-row\">\n\t\t\t\t\t<div class=\"elementor-column elementor-col-33 elementor-top-column elementor-element elementor-element-a7c76ad\" data-id=\"a7c76ad\" data-element_type=\"column\">\n\t\t\t<div class=\"elementor-column-wrap elementor-element-populated\">\n\t\t\t\t\t\t\t<div class=\"elementor-widget-wrap\">\n\t\t\t\t\t\t<div class=\"elementor-element elementor-element-e61caf6 elementor-widget elementor-widget-image\" data-id=\"e61caf6\" data-element_type=\"widget\" data-widget_type=\"image.default\">\n\t\t\t\t<div class=\"elementor-widget-container\">\n\t\t\t\t\t<div class=\"elementor-image\">\n\t\t\t\t\t\t\t\t\t\t<img width=\"990\" height=\"991\" src=\"https:\/\/www.janosjurincic.net\/wp-content\/uploads\/2020\/12\/129981021_382486309690157_4809131176432440712_n.jpg\" class=\"attachment-large size-large\" alt=\"\" loading=\"lazy\" srcset=\"https:\/\/www.janosjurincic.net\/wp-content\/uploads\/2020\/12\/129981021_382486309690157_4809131176432440712_n.jpg 1606w, https:\/\/www.janosjurincic.net\/wp-content\/uploads\/2020\/12\/129981021_382486309690157_4809131176432440712_n-300x300.jpg 300w, https:\/\/www.janosjurincic.net\/wp-content\/uploads\/2020\/12\/129981021_382486309690157_4809131176432440712_n-150x150.jpg 150w, https:\/\/www.janosjurincic.net\/wp-content\/uploads\/2020\/12\/129981021_382486309690157_4809131176432440712_n-768x768.jpg 768w, https:\/\/www.janosjurincic.net\/wp-content\/uploads\/2020\/12\/129981021_382486309690157_4809131176432440712_n-1536x1536.jpg 1536w, https:\/\/www.janosjurincic.net\/wp-content\/uploads\/2020\/12\/129981021_382486309690157_4809131176432440712_n-640x640.jpg 640w, https:\/\/www.janosjurincic.net\/wp-content\/uploads\/2020\/12\/129981021_382486309690157_4809131176432440712_n-180x180.jpg 180w, https:\/\/www.janosjurincic.net\/wp-content\/uploads\/2020\/12\/129981021_382486309690157_4809131176432440712_n-50x50.jpg 50w\" sizes=\"(max-width: 990px) 100vw, 990px\" \/>\t\t\t\t\t\t\t\t\t\t\t<\/div>\n\t\t\t\t<\/div>\n\t\t\t\t<\/div>\n\t\t\t\t\t\t<\/div>\n\t\t\t\t\t<\/div>\n\t\t<\/div>\n\t\t\t\t<div class=\"elementor-column elementor-col-33 elementor-top-column elementor-element elementor-element-388faf0\" data-id=\"388faf0\" data-element_type=\"column\">\n\t\t\t<div class=\"elementor-column-wrap elementor-element-populated\">\n\t\t\t\t\t\t\t<div class=\"elementor-widget-wrap\">\n\t\t\t\t\t\t<div class=\"elementor-element elementor-element-018b2c4 elementor-widget elementor-widget-image\" data-id=\"018b2c4\" data-element_type=\"widget\" data-widget_type=\"image.default\">\n\t\t\t\t<div class=\"elementor-widget-container\">\n\t\t\t\t\t<div class=\"elementor-image\">\n\t\t\t\t\t\t\t\t\t\t<img width=\"990\" height=\"947\" src=\"https:\/\/www.janosjurincic.net\/wp-content\/uploads\/2020\/12\/duo-back.jpg\" class=\"attachment-large size-large\" alt=\"\" loading=\"lazy\" srcset=\"https:\/\/www.janosjurincic.net\/wp-content\/uploads\/2020\/12\/duo-back.jpg 1000w, https:\/\/www.janosjurincic.net\/wp-content\/uploads\/2020\/12\/duo-back-300x287.jpg 300w, https:\/\/www.janosjurincic.net\/wp-content\/uploads\/2020\/12\/duo-back-768x735.jpg 768w\" sizes=\"(max-width: 990px) 100vw, 990px\" \/>\t\t\t\t\t\t\t\t\t\t\t<\/div>\n\t\t\t\t<\/div>\n\t\t\t\t<\/div>\n\t\t\t\t\t\t<\/div>\n\t\t\t\t\t<\/div>\n\t\t<\/div>\n\t\t\t\t<div class=\"elementor-column elementor-col-33 elementor-top-column elementor-element elementor-element-184d370\" data-id=\"184d370\" data-element_type=\"column\">\n\t\t\t<div class=\"elementor-column-wrap elementor-element-populated\">\n\t\t\t\t\t\t\t<div class=\"elementor-widget-wrap\">\n\t\t\t\t\t\t<div class=\"elementor-element elementor-element-95249cd elementor-widget elementor-widget-image\" data-id=\"95249cd\" data-element_type=\"widget\" data-widget_type=\"image.default\">\n\t\t\t\t<div class=\"elementor-widget-container\">\n\t\t\t\t\t<div class=\"elementor-image\">\n\t\t\t\t\t\t\t\t\t\t<img width=\"990\" height=\"882\" src=\"https:\/\/www.janosjurincic.net\/wp-content\/uploads\/2020\/12\/duo-inside-program.jpg\" class=\"attachment-large size-large\" alt=\"\" loading=\"lazy\" srcset=\"https:\/\/www.janosjurincic.net\/wp-content\/uploads\/2020\/12\/duo-inside-program.jpg 1000w, https:\/\/www.janosjurincic.net\/wp-content\/uploads\/2020\/12\/duo-inside-program-300x267.jpg 300w, https:\/\/www.janosjurincic.net\/wp-content\/uploads\/2020\/12\/duo-inside-program-768x684.jpg 768w\" sizes=\"(max-width: 990px) 100vw, 990px\" \/>\t\t\t\t\t\t\t\t\t\t\t<\/div>\n\t\t\t\t<\/div>\n\t\t\t\t<\/div>\n\t\t\t\t\t\t<\/div>\n\t\t\t\t\t<\/div>\n\t\t<\/div>\n\t\t\t\t\t\t\t\t<\/div>\n\t\t\t\t\t<\/div>\n\t\t<\/section>\n\t\t\t\t\t\t<\/div>\n\t\t\t\t\t\t<\/div>\n\t\t\t\t\t<\/div>\n\t\t","protected":false},"excerpt":{"rendered":"<p>DUO\u00a0&#8211; Mozart, Beethoven &amp; DebussyMarko Feri &amp; Jano\u0161 Jurin\u010di\u010d, guitars Co-produced by\u00a0Uro\u0161 Bari\u010d, Marko Feri, Jano\u0161 Jurin\u010di\u010dTranscriptions by\u00a0Marko Feri Digital release available on\u00a0December 16, CD shipping starts\u00a0December 21. Order now<a href=\"https:\/\/www.janosjurincic.net\/?page_id=311\" class=\"more-link\"><span class=\"readmore\">Continue reading<span class=\"screen-reader-text\">DUO<\/span><\/span><\/a><\/p>\n","protected":false},"author":1,"featured_media":0,"parent":0,"menu_order":0,"comment_status":"closed","ping_status":"closed","template":"","meta":[],"_links":{"self":[{"href":"https:\/\/www.janosjurincic.net\/index.php?rest_route=\/wp\/v2\/pages\/311"}],"collection":[{"href":"https:\/\/www.janosjurincic.net\/index.php?rest_route=\/wp\/v2\/pages"}],"about":[{"href":"https:\/\/www.janosjurincic.net\/index.php?rest_route=\/wp\/v2\/types\/page"}],"author":[{"embeddable":true,"href":"https:\/\/www.janosjurincic.net\/index.php?rest_route=\/wp\/v2\/users\/1"}],"replies":[{"embeddable":true,"href":"https:\/\/www.janosjurincic.net\/index.php?rest_route=%2Fwp%2Fv2%2Fcomments&post=311"}],"version-history":[{"count":92,"href":"https:\/\/www.janosjurincic.net\/index.php?rest_route=\/wp\/v2\/pages\/311\/revisions"}],"predecessor-version":[{"id":850,"href":"https:\/\/www.janosjurincic.net\/index.php?rest_route=\/wp\/v2\/pages\/311\/revisions\/850"}],"wp:attachment":[{"href":"https:\/\/www.janosjurincic.net\/index.php?rest_route=%2Fwp%2Fv2%2Fmedia&parent=311"}],"curies":[{"name":"wp","href":"https:\/\/api.w.org\/{rel}","templated":true}]}}